{"id":76,"date":"2020-01-30T08:32:19","date_gmt":"2020-01-30T08:32:19","guid":{"rendered":"http:\/\/introo.hu\/merlinhaz\/?page_id=76"},"modified":"2024-07-25T17:18:14","modified_gmt":"2024-07-25T17:18:14","slug":"kapcsolat","status":"publish","type":"page","link":"https:\/\/merlinhaz.hu\/?page_id=76","title":{"rendered":"Kapcsolat"},"content":{"rendered":"\t\t<div data-elementor-type=\"wp-page\" data-elementor-id=\"76\" class=\"elementor elementor-76\">\n\t\t\t\t\t\t\t\t\t<section class=\"elementor-section elementor-top-section elementor-element elementor-element-a0b9911 elementor-section-boxed elementor-section-height-default elementor-section-height-default\" data-id=\"a0b9911\" data-element_type=\"section\">\n\t\t\t\t\t\t<div class=\"elementor-container elementor-column-gap-default\">\n\t\t\t\t\t<div class=\"elementor-column elementor-col-100 elementor-top-column elementor-element elementor-element-a19d720\" data-id=\"a19d720\" data-element_type=\"column\">\n\t\t\t<div class=\"elementor-widget-wrap elementor-element-populated\">\n\t\t\t\t\t\t\t\t<div class=\"elementor-element elementor-element-e180403 elementor-widget elementor-widget-heading\" data-id=\"e180403\" data-element_type=\"widget\" data-widget_type=\"heading.default\">\n\t\t\t\t<div class=\"elementor-widget-container\">\n\t\t\t<style>\/*! elementor - v3.15.0 - 02-08-2023 *\/\n.elementor-heading-title{padding:0;margin:0;line-height:1}.elementor-widget-heading .elementor-heading-title[class*=elementor-size-]>a{color:inherit;font-size:inherit;line-height:inherit}.elementor-widget-heading .elementor-heading-title.elementor-size-small{font-size:15px}.elementor-widget-heading .elementor-heading-title.elementor-size-medium{font-size:19px}.elementor-widget-heading .elementor-heading-title.elementor-size-large{font-size:29px}.elementor-widget-heading .elementor-heading-title.elementor-size-xl{font-size:39px}.elementor-widget-heading .elementor-heading-title.elementor-size-xxl{font-size:59px}<\/style><h2 class=\"elementor-heading-title elementor-size-default\">Kapcsolat<\/h2>\t\t<\/div>\n\t\t\t\t<\/div>\n\t\t\t\t\t<\/div>\n\t\t<\/div>\n\t\t\t\t\t\t\t<\/div>\n\t\t<\/section>\n\t\t\t\t<section class=\"elementor-section elementor-top-section elementor-element elementor-element-3bb6397 elementor-section-boxed elementor-section-height-default elementor-section-height-default\" data-id=\"3bb6397\" data-element_type=\"section\">\n\t\t\t\t\t\t<div class=\"elementor-container elementor-column-gap-default\">\n\t\t\t\t\t<div class=\"elementor-column elementor-col-100 elementor-top-column elementor-element elementor-element-eb50036\" data-id=\"eb50036\" data-element_type=\"column\">\n\t\t\t<div class=\"elementor-widget-wrap elementor-element-populated\">\n\t\t\t\t\t\t\t\t<div class=\"elementor-element elementor-element-12c3512 elementor-widget elementor-widget-image\" data-id=\"12c3512\" data-element_type=\"widget\" data-widget_type=\"image.default\">\n\t\t\t\t<div class=\"elementor-widget-container\">\n\t\t\t<style>\/*! elementor - v3.15.0 - 02-08-2023 *\/\n.elementor-widget-image{text-align:center}.elementor-widget-image a{display:inline-block}.elementor-widget-image a img[src$=\".svg\"]{width:48px}.elementor-widget-image img{vertical-align:middle;display:inline-block}<\/style>\t\t\t\t\t\t\t\t\t\t\t\t<img decoding=\"async\" width=\"2000\" height=\"1000\" src=\"https:\/\/merlinhaz.hu\/wp-content\/uploads\/2023\/08\/contact_cut.jpg\" class=\"attachment-full size-full wp-image-1882\" alt=\"\" loading=\"lazy\" srcset=\"https:\/\/merlinhaz.hu\/wp-content\/uploads\/2023\/08\/contact_cut.jpg 2000w, https:\/\/merlinhaz.hu\/wp-content\/uploads\/2023\/08\/contact_cut-300x150.jpg 300w, https:\/\/merlinhaz.hu\/wp-content\/uploads\/2023\/08\/contact_cut-1024x512.jpg 1024w, https:\/\/merlinhaz.hu\/wp-content\/uploads\/2023\/08\/contact_cut-768x384.jpg 768w, https:\/\/merlinhaz.hu\/wp-content\/uploads\/2023\/08\/contact_cut-1536x768.jpg 1536w\" sizes=\"(max-width: 2000px) 100vw, 2000px\" \/>\t\t\t\t\t\t\t\t\t\t\t\t\t\t\t<\/div>\n\t\t\t\t<\/div>\n\t\t\t\t\t<\/div>\n\t\t<\/div>\n\t\t\t\t\t\t\t<\/div>\n\t\t<\/section>\n\t\t\t\t<section class=\"elementor-section elementor-top-section elementor-element elementor-element-72a09733 elementor-section-boxed elementor-section-height-default elementor-section-height-default\" data-id=\"72a09733\" data-element_type=\"section\">\n\t\t\t\t\t\t<div class=\"elementor-container elementor-column-gap-default\">\n\t\t\t\t\t<div class=\"elementor-column elementor-col-100 elementor-top-column elementor-element elementor-element-4a9898a\" data-id=\"4a9898a\" data-element_type=\"column\">\n\t\t\t<div class=\"elementor-widget-wrap elementor-element-populated\">\n\t\t\t\t\t\t\t\t<div class=\"elementor-element elementor-element-4b831c7c elementor-widget elementor-widget-text-editor\" data-id=\"4b831c7c\" data-element_type=\"widget\" data-widget_type=\"text-editor.default\">\n\t\t\t\t<div class=\"elementor-widget-container\">\n\t\t\t<style>\/*! elementor - v3.15.0 - 02-08-2023 *\/\n.elementor-widget-text-editor.elementor-drop-cap-view-stacked .elementor-drop-cap{background-color:#69727d;color:#fff}.elementor-widget-text-editor.elementor-drop-cap-view-framed .elementor-drop-cap{color:#69727d;border:3px solid;background-color:transparent}.elementor-widget-text-editor:not(.elementor-drop-cap-view-default) .elementor-drop-cap{margin-top:8px}.elementor-widget-text-editor:not(.elementor-drop-cap-view-default) .elementor-drop-cap-letter{width:1em;height:1em}.elementor-widget-text-editor .elementor-drop-cap{float:left;text-align:center;line-height:1;font-size:50px}.elementor-widget-text-editor .elementor-drop-cap-letter{display:inline-block}<\/style>\t\t\t\t<h3>C\u00e9ginform\u00e1ci\u00f3k<\/h3>\n<ul>\n<li>MERLIN H\u00e1z K\u00e9pess\u00e9gfejleszt\u0151 \u00e9s Tehets\u00e9ggondoz\u00f3 Nonprofit Korl\u00e1tolt Felel\u0151ss\u00e9g\u0171 T\u00e1rsas\u00e1g<\/li>\n<li>2330 Dunaharaszti, Munk\u00e1csy M. u. 88\/B.<\/li>\n<li><i>Ad\u00f3sz\u00e1m:&nbsp;<\/i><span id=\"adoszam\">26547369-2-13.<\/span><\/li>\n<li>06-20-973-0041(9:00 \u2013 17:00)<\/li>\n<li>info(@)merlinhaz.hu<\/li>\n<\/ul>\n<h3>Oktat\u00e1si helysz\u00ednek<\/h3>\n<ul>\n<li>Helping Hand St\u00fadi\u00f3 &#8211; Dunaharaszti, Munk\u00e1csy M. u. 83.)<\/li>\n<li>&#8220;Gyere be!&#8221; H\u00e1z &#8211; Dunaharaszti, Batthy\u00e1ny u. 2.<\/li>\n<\/ul>\n<h3>&nbsp;<\/h3>\n<h3>Kapcsolatfelv\u00e9teli \u0171rlap<\/h3>\n<p><\/p>\n<p><!-- wp:paragraph --><\/p>\n<div role=\"form\" class=\"wpcf7\" id=\"wpcf7-f253-o1\" lang=\"hu-HU\" dir=\"ltr\">\n<div class=\"screen-reader-response\"><\/div>\n<form action=\"\/index.php?rest_route=%2Fwp%2Fv2%2Fpages%2F76#wpcf7-f253-o1\" method=\"post\" class=\"wpcf7-form\" novalidate=\"novalidate\">\n<div style=\"display: none;\">\n<input type=\"hidden\" name=\"_wpcf7\" value=\"253\" \/>\n<input type=\"hidden\" name=\"_wpcf7_version\" value=\"5.1.6\" \/>\n<input type=\"hidden\" name=\"_wpcf7_locale\" value=\"hu_HU\" \/>\n<input type=\"hidden\" name=\"_wpcf7_unit_tag\" value=\"wpcf7-f253-o1\" \/>\n<input type=\"hidden\" name=\"_wpcf7_container_post\" value=\"0\" \/>\n<\/div>\n<p><label> N\u00e9v (k\u00f6telez\u0151)<br \/>\n    <span class=\"wpcf7-form-control-wrap your-name\"><input type=\"text\" name=\"your-name\" value=\"\" size=\"40\" class=\"wpcf7-form-control wpcf7-text wpcf7-validates-as-required\" aria-required=\"true\" aria-invalid=\"false\" \/><\/span> <\/label><\/p>\n<p><label> Email c\u00edm (k\u00f6telez\u0151)<br \/>\n    <span class=\"wpcf7-form-control-wrap your-email\"><input type=\"email\" name=\"your-email\" value=\"\" size=\"40\" class=\"wpcf7-form-control wpcf7-text wpcf7-email wpcf7-validates-as-required wpcf7-validates-as-email\" aria-required=\"true\" aria-invalid=\"false\" \/><\/span> <\/label><\/p>\n<p><label> T\u00e1rgy<br \/>\n    <span class=\"wpcf7-form-control-wrap your-subject\"><input type=\"text\" name=\"your-subject\" value=\"\" size=\"40\" class=\"wpcf7-form-control wpcf7-text\" aria-invalid=\"false\" \/><\/span> <\/label><\/p>\n<p><label> \u00dczenet<br \/>\n    <span class=\"wpcf7-form-control-wrap your-message\"><textarea name=\"your-message\" cols=\"40\" rows=\"10\" class=\"wpcf7-form-control wpcf7-textarea\" aria-invalid=\"false\"><\/textarea><\/span> <\/label><\/p>\n<p><input type=\"submit\" value=\"K\u00fcld\u00e9s\" class=\"wpcf7-form-control wpcf7-submit\" \/><\/p>\n<input type='hidden' class='wpcf7-pum' value='{\"closepopup\":false,\"closedelay\":0,\"openpopup\":false,\"openpopup_id\":0}' \/><div class=\"wpcf7-response-output wpcf7-display-none\"><\/div><\/form><\/div>\n<p><!-- \/wp:paragraph --><\/p>\t\t\t\t\t\t<\/div>\n\t\t\t\t<\/div>\n\t\t\t\t\t<\/div>\n\t\t<\/div>\n\t\t\t\t\t\t\t<\/div>\n\t\t<\/section>\n\t\t\t\t\t\t\t<\/div>\n\t\t","protected":false},"excerpt":{"rendered":"<p>Kapcsolat C\u00e9ginform\u00e1ci\u00f3k MERLIN H\u00e1z K\u00e9pess\u00e9gfejleszt\u0151 \u00e9s Tehets\u00e9ggondoz\u00f3 Nonprofit Korl\u00e1tolt Felel\u0151ss\u00e9g\u0171 T\u00e1rsas\u00e1g 2330 Dunaharaszti, Munk\u00e1csy M. u. 88\/B. Ad\u00f3sz\u00e1m:&nbsp;26547369-2-13. 06-20-973-0041(9:00 \u2013 17:00) info(@)merlinhaz.hu Oktat\u00e1si helysz\u00ednek Helping Hand St\u00fadi\u00f3 &#8211; Dunaharaszti, Munk\u00e1csy [&hellip;]<\/p>\n","protected":false},"author":1,"featured_media":1766,"parent":0,"menu_order":0,"comment_status":"closed","ping_status":"closed","template":"page-templates\/full-width-container.php","meta":[],"_links":{"self":[{"href":"https:\/\/merlinhaz.hu\/index.php?rest_route=\/wp\/v2\/pages\/76"}],"collection":[{"href":"https:\/\/merlinhaz.hu\/index.php?rest_route=\/wp\/v2\/pages"}],"about":[{"href":"https:\/\/merlinhaz.hu\/index.php?rest_route=\/wp\/v2\/types\/page"}],"author":[{"embeddable":true,"href":"https:\/\/merlinhaz.hu\/index.php?rest_route=\/wp\/v2\/users\/1"}],"replies":[{"embeddable":true,"href":"https:\/\/merlinhaz.hu\/index.php?rest_route=%2Fwp%2Fv2%2Fcomments&post=76"}],"version-history":[{"count":13,"href":"https:\/\/merlinhaz.hu\/index.php?rest_route=\/wp\/v2\/pages\/76\/revisions"}],"predecessor-version":[{"id":2345,"href":"https:\/\/merlinhaz.hu\/index.php?rest_route=\/wp\/v2\/pages\/76\/revisions\/2345"}],"wp:featuredmedia":[{"embeddable":true,"href":"https:\/\/merlinhaz.hu\/index.php?rest_route=\/wp\/v2\/media\/1766"}],"wp:attachment":[{"href":"https:\/\/merlinhaz.hu\/index.php?rest_route=%2Fwp%2Fv2%2Fmedia&parent=76"}],"curies":[{"name":"wp","href":"https:\/\/api.w.org\/{rel}","templated":true}]}}