{"id":33,"date":"2020-01-29T14:22:51","date_gmt":"2020-01-29T14:22:51","guid":{"rendered":"http:\/\/introo.hu\/merlinhaz\/?page_id=33"},"modified":"2024-08-09T04:57:44","modified_gmt":"2024-08-09T04:57:44","slug":"a-merlin-haz-fobb-celkituzesei","status":"publish","type":"page","link":"https:\/\/merlinhaz.hu\/?page_id=33","title":{"rendered":"A Merlin h\u00e1z f\u0151bb c\u00e9lkit\u0171z\u00e9sei"},"content":{"rendered":"\t\t<div data-elementor-type=\"wp-page\" data-elementor-id=\"33\" class=\"elementor elementor-33\">\n\t\t\t\t\t\t\t\t\t<section class=\"elementor-section elementor-top-section elementor-element elementor-element-28cd0ed elementor-section-boxed elementor-section-height-default elementor-section-height-default\" data-id=\"28cd0ed\" data-element_type=\"section\">\n\t\t\t\t\t\t<div class=\"elementor-container elementor-column-gap-default\">\n\t\t\t\t\t<div class=\"elementor-column elementor-col-100 elementor-top-column elementor-element elementor-element-cd13154\" data-id=\"cd13154\" data-element_type=\"column\">\n\t\t\t<div class=\"elementor-widget-wrap elementor-element-populated\">\n\t\t\t\t\t\t\t\t<div class=\"elementor-element elementor-element-30fe82f elementor-widget elementor-widget-heading\" data-id=\"30fe82f\" data-element_type=\"widget\" data-widget_type=\"heading.default\">\n\t\t\t\t<div class=\"elementor-widget-container\">\n\t\t\t<style>\/*! elementor - v3.15.0 - 02-08-2023 *\/\n.elementor-heading-title{padding:0;margin:0;line-height:1}.elementor-widget-heading .elementor-heading-title[class*=elementor-size-]>a{color:inherit;font-size:inherit;line-height:inherit}.elementor-widget-heading .elementor-heading-title.elementor-size-small{font-size:15px}.elementor-widget-heading .elementor-heading-title.elementor-size-medium{font-size:19px}.elementor-widget-heading .elementor-heading-title.elementor-size-large{font-size:29px}.elementor-widget-heading .elementor-heading-title.elementor-size-xl{font-size:39px}.elementor-widget-heading .elementor-heading-title.elementor-size-xxl{font-size:59px}<\/style><h2 class=\"elementor-heading-title elementor-size-default\">A Merlin H\u00e1z c\u00e9lkit\u0171z\u00e9sei<\/h2>\t\t<\/div>\n\t\t\t\t<\/div>\n\t\t\t\t<div class=\"elementor-element elementor-element-4bf16b2 elementor-widget elementor-widget-spacer\" data-id=\"4bf16b2\" data-element_type=\"widget\" data-widget_type=\"spacer.default\">\n\t\t\t\t<div class=\"elementor-widget-container\">\n\t\t\t<style>\/*! elementor - v3.15.0 - 02-08-2023 *\/\n.elementor-column .elementor-spacer-inner{height:var(--spacer-size)}.e-con{--container-widget-width:100%}.e-con-inner>.elementor-widget-spacer,.e-con>.elementor-widget-spacer{width:var(--container-widget-width,var(--spacer-size));--align-self:var(--container-widget-align-self,initial);--flex-shrink:0}.e-con-inner>.elementor-widget-spacer>.elementor-widget-container,.e-con-inner>.elementor-widget-spacer>.elementor-widget-container>.elementor-spacer,.e-con>.elementor-widget-spacer>.elementor-widget-container,.e-con>.elementor-widget-spacer>.elementor-widget-container>.elementor-spacer{height:100%}.e-con-inner>.elementor-widget-spacer>.elementor-widget-container>.elementor-spacer>.elementor-spacer-inner,.e-con>.elementor-widget-spacer>.elementor-widget-container>.elementor-spacer>.elementor-spacer-inner{height:var(--container-widget-height,var(--spacer-size))}<\/style>\t\t<div class=\"elementor-spacer\">\n\t\t\t<div class=\"elementor-spacer-inner\"><\/div>\n\t\t<\/div>\n\t\t\t\t<\/div>\n\t\t\t\t<\/div>\n\t\t\t\t\t<\/div>\n\t\t<\/div>\n\t\t\t\t\t\t\t<\/div>\n\t\t<\/section>\n\t\t\t\t<section class=\"elementor-section elementor-top-section elementor-element elementor-element-66c9fbd elementor-section-boxed elementor-section-height-default elementor-section-height-default\" data-id=\"66c9fbd\" data-element_type=\"section\">\n\t\t\t\t\t\t<div class=\"elementor-container elementor-column-gap-default\">\n\t\t\t\t\t<div class=\"elementor-column elementor-col-33 elementor-top-column elementor-element elementor-element-c7a82d6\" data-id=\"c7a82d6\" data-element_type=\"column\">\n\t\t\t<div class=\"elementor-widget-wrap elementor-element-populated\">\n\t\t\t\t\t\t\t\t<div class=\"elementor-element elementor-element-dce5b6a elementor-widget elementor-widget-image\" data-id=\"dce5b6a\" data-element_type=\"widget\" data-widget_type=\"image.default\">\n\t\t\t\t<div class=\"elementor-widget-container\">\n\t\t\t<style>\/*! elementor - v3.15.0 - 02-08-2023 *\/\n.elementor-widget-image{text-align:center}.elementor-widget-image a{display:inline-block}.elementor-widget-image a img[src$=\".svg\"]{width:48px}.elementor-widget-image img{vertical-align:middle;display:inline-block}<\/style>\t\t\t\t\t\t\t\t\t\t\t\t<img decoding=\"async\" width=\"640\" height=\"640\" src=\"https:\/\/merlinhaz.hu\/wp-content\/uploads\/2024\/07\/merlinlogonew2-1024x1024.jpg\" class=\"attachment-large size-large wp-image-2500\" alt=\"\" loading=\"lazy\" srcset=\"https:\/\/merlinhaz.hu\/wp-content\/uploads\/2024\/07\/merlinlogonew2-1024x1024.jpg 1024w, https:\/\/merlinhaz.hu\/wp-content\/uploads\/2024\/07\/merlinlogonew2-300x300.jpg 300w, https:\/\/merlinhaz.hu\/wp-content\/uploads\/2024\/07\/merlinlogonew2-150x150.jpg 150w, https:\/\/merlinhaz.hu\/wp-content\/uploads\/2024\/07\/merlinlogonew2-768x768.jpg 768w, https:\/\/merlinhaz.hu\/wp-content\/uploads\/2024\/07\/merlinlogonew2.jpg 1120w\" sizes=\"(max-width: 640px) 100vw, 640px\" \/>\t\t\t\t\t\t\t\t\t\t\t\t\t\t\t<\/div>\n\t\t\t\t<\/div>\n\t\t\t\t<div class=\"elementor-element elementor-element-342cafd elementor-widget elementor-widget-image\" data-id=\"342cafd\" data-element_type=\"widget\" data-widget_type=\"image.default\">\n\t\t\t\t<div class=\"elementor-widget-container\">\n\t\t\t\t\t\t\t\t\t\t\t\t\t\t\t<img decoding=\"async\" width=\"585\" height=\"1024\" src=\"https:\/\/merlinhaz.hu\/wp-content\/uploads\/2024\/08\/DALL\u00b7E-2024-08-08-19.01.26-A-vertical-rectangular-illustration-showcasing-the-goals-of-a-talent-nurturing-workshop.-The-image-should-include-elements-representing-professional--585x1024.webp\" class=\"attachment-large size-large wp-image-2962\" alt=\"\" loading=\"lazy\" srcset=\"https:\/\/merlinhaz.hu\/wp-content\/uploads\/2024\/08\/DALL\u00b7E-2024-08-08-19.01.26-A-vertical-rectangular-illustration-showcasing-the-goals-of-a-talent-nurturing-workshop.-The-image-should-include-elements-representing-professional--585x1024.webp 585w, https:\/\/merlinhaz.hu\/wp-content\/uploads\/2024\/08\/DALL\u00b7E-2024-08-08-19.01.26-A-vertical-rectangular-illustration-showcasing-the-goals-of-a-talent-nurturing-workshop.-The-image-should-include-elements-representing-professional--171x300.webp 171w, https:\/\/merlinhaz.hu\/wp-content\/uploads\/2024\/08\/DALL\u00b7E-2024-08-08-19.01.26-A-vertical-rectangular-illustration-showcasing-the-goals-of-a-talent-nurturing-workshop.-The-image-should-include-elements-representing-professional--768x1344.webp 768w, https:\/\/merlinhaz.hu\/wp-content\/uploads\/2024\/08\/DALL\u00b7E-2024-08-08-19.01.26-A-vertical-rectangular-illustration-showcasing-the-goals-of-a-talent-nurturing-workshop.-The-image-should-include-elements-representing-professional--878x1536.webp 878w, https:\/\/merlinhaz.hu\/wp-content\/uploads\/2024\/08\/DALL\u00b7E-2024-08-08-19.01.26-A-vertical-rectangular-illustration-showcasing-the-goals-of-a-talent-nurturing-workshop.-The-image-should-include-elements-representing-professional-.webp 1024w\" sizes=\"(max-width: 585px) 100vw, 585px\" \/>\t\t\t\t\t\t\t\t\t\t\t\t\t\t\t<\/div>\n\t\t\t\t<\/div>\n\t\t\t\t\t<\/div>\n\t\t<\/div>\n\t\t\t\t<div class=\"elementor-column elementor-col-66 elementor-top-column elementor-element elementor-element-4287970\" data-id=\"4287970\" data-element_type=\"column\">\n\t\t\t<div class=\"elementor-widget-wrap elementor-element-populated\">\n\t\t\t\t\t\t\t\t<div class=\"elementor-element elementor-element-38e34bf elementor-widget elementor-widget-heading\" data-id=\"38e34bf\" data-element_type=\"widget\" data-widget_type=\"heading.default\">\n\t\t\t\t<div class=\"elementor-widget-container\">\n\t\t\t<h3 class=\"elementor-heading-title elementor-size-default\">Di\u00e1koknak:<\/h3>\t\t<\/div>\n\t\t\t\t<\/div>\n\t\t\t\t<div class=\"elementor-element elementor-element-b60a94a elementor-widget elementor-widget-text-editor\" data-id=\"b60a94a\" data-element_type=\"widget\" data-widget_type=\"text-editor.default\">\n\t\t\t\t<div class=\"elementor-widget-container\">\n\t\t\t<style>\/*! elementor - v3.15.0 - 02-08-2023 *\/\n.elementor-widget-text-editor.elementor-drop-cap-view-stacked .elementor-drop-cap{background-color:#69727d;color:#fff}.elementor-widget-text-editor.elementor-drop-cap-view-framed .elementor-drop-cap{color:#69727d;border:3px solid;background-color:transparent}.elementor-widget-text-editor:not(.elementor-drop-cap-view-default) .elementor-drop-cap{margin-top:8px}.elementor-widget-text-editor:not(.elementor-drop-cap-view-default) .elementor-drop-cap-letter{width:1em;height:1em}.elementor-widget-text-editor .elementor-drop-cap{float:left;text-align:center;line-height:1;font-size:50px}.elementor-widget-text-editor .elementor-drop-cap-letter{display:inline-block}<\/style>\t\t\t\t<ul><li>A term\u00e9szettudom\u00e1nyos, informatikai \u00e9s m\u0171szaki p\u00e1ly\u00e1k ir\u00e1nti <strong>\u00e9rdekl\u0151d\u00e9s felkelt\u00e9se<\/strong>.<\/li><li>A mindennapi \u00e9letben is j\u00f3l haszn\u00e1lhat\u00f3 <strong>ismeretek, k\u00e9szs\u00e9gek \u00e9s technik\u00e1k<\/strong> \u00e1tad\u00e1sa.<\/li><li>A k\u00f6z\u00e9piskolai <strong>felv\u00e9teli vizsg\u00e1kra<\/strong> val\u00f3 felk\u00e9sz\u00fcl\u00e9s t\u00e1mogat\u00e1sa.<\/li><li>A term\u00e9szettudom\u00e1nyok k\u00f6z\u00f6tti <strong>kapcsolatok<\/strong> bemutat\u00e1sa.<\/li><li>Az <strong>iskolai tanulm\u00e1nyi<\/strong> <strong>h\u00e1tr\u00e1nyok felsz\u00e1mol\u00e1sa<\/strong>, a tanulm\u00e1nyi eredm\u00e9nyek jav\u00edt\u00e1sa.<\/li><li>A\u00a0<span style=\"font-size: 15px;\">tanul\u00f3k legf\u0151bb er\u0151ss\u00e9geinek, <strong>k\u00e9pess\u00e9geinek felismer\u00e9se, fejleszt\u00e9se<\/strong>, form\u00e1l\u00e1sa.<\/span><\/li><\/ul>\t\t\t\t\t\t<\/div>\n\t\t\t\t<\/div>\n\t\t\t\t<div class=\"elementor-element elementor-element-17293df elementor-widget elementor-widget-heading\" data-id=\"17293df\" data-element_type=\"widget\" data-widget_type=\"heading.default\">\n\t\t\t\t<div class=\"elementor-widget-container\">\n\t\t\t<h3 class=\"elementor-heading-title elementor-size-default\">Sz\u00fcl\u0151knek:<\/h3>\t\t<\/div>\n\t\t\t\t<\/div>\n\t\t\t\t<div class=\"elementor-element elementor-element-25f4fa2 elementor-widget elementor-widget-text-editor\" data-id=\"25f4fa2\" data-element_type=\"widget\" data-widget_type=\"text-editor.default\">\n\t\t\t\t<div class=\"elementor-widget-container\">\n\t\t\t\t\t\t\t<ul><li><strong>K\u00e9pess\u00e9gvizsg\u00e1latok:<\/strong> A gyermek er\u0151ss\u00e9geinek \u00e9s fejlesztend\u0151 ter\u00fcleteinek felt\u00e1r\u00e1sa k\u00fcl\u00f6nb\u00f6z\u0151 tesztekkel \u00e9s \u00e9rt\u00e9kel\u00e9sekkel.<\/li><li><strong>Szem\u00e9lyre szabott tan\u00e1csad\u00e1s:<\/strong> Egy\u00e9ni konzult\u00e1ci\u00f3k a sz\u00fcl\u0151kkel, hogy megismerj\u00e9k gyermek\u00fck adotts\u00e1gait \u00e9s hogyan t\u00e1mogathatj\u00e1k \u0151ket otthon.<\/li><li><strong>Tehets\u00e9gnapok \u00e9s versenyek:<\/strong> Rendezv\u00e9nyek, ahol a gyermekek bemutathatj\u00e1k k\u00e9pess\u00e9geiket \u00e9s tal\u00e1lkozhatnak hasonl\u00f3 \u00e9rdekl\u0151d\u00e9s\u0171 t\u00e1rsaikkal.<\/li><li><strong>Tov\u00e1bbtanul\u00e1si lehet\u0151s\u00e9gek felt\u00e9rk\u00e9pez\u00e9se:<\/strong> Seg\u00edts\u00e9g a k\u00f6z\u00e9piskolai \u00e9s fels\u0151oktat\u00e1si int\u00e9zm\u00e9nyek kiv\u00e1laszt\u00e1s\u00e1ban, amelyek megfelel\u0151ek a gyermek tehets\u00e9g\u00e9nek kibontakoztat\u00e1s\u00e1hoz.<\/li><\/ul>\t\t\t\t\t\t<\/div>\n\t\t\t\t<\/div>\n\t\t\t\t<div class=\"elementor-element elementor-element-899345d elementor-widget elementor-widget-heading\" data-id=\"899345d\" data-element_type=\"widget\" data-widget_type=\"heading.default\">\n\t\t\t\t<div class=\"elementor-widget-container\">\n\t\t\t<h3 class=\"elementor-heading-title elementor-size-default\">Pedag\u00f3gusoknak:<\/h3>\t\t<\/div>\n\t\t\t\t<\/div>\n\t\t\t\t<div class=\"elementor-element elementor-element-f34a94c elementor-widget elementor-widget-text-editor\" data-id=\"f34a94c\" data-element_type=\"widget\" data-widget_type=\"text-editor.default\">\n\t\t\t\t<div class=\"elementor-widget-container\">\n\t\t\t\t\t\t\t<ul><li><strong>Tov\u00e1bbk\u00e9pz\u00e9sek \u00e9s workshopok<\/strong>: K\u00e9pz\u00e9sek szervez\u00e9se a tehets\u00e9ggondoz\u00e1s leg\u00fajabb m\u00f3dszereir\u0151l \u00e9s technik\u00e1ir\u00f3l.<\/li><li><strong>Szakmai k\u00f6z\u00f6ss\u00e9gek<\/strong>: Pedag\u00f3gusok k\u00f6z\u00f6tti h\u00e1l\u00f3zat\u00e9p\u00edt\u00e9s el\u0151seg\u00edt\u00e9se, hogy megoszthass\u00e1k tapasztalataikat \u00e9s j\u00f3 gyakorlataikat.<\/li><li><strong>Kutat\u00e1si t\u00e1mogat\u00e1sok<\/strong>: T\u00e1mogat\u00e1sok ny\u00fajt\u00e1sa a pedag\u00f3gusok sz\u00e1m\u00e1ra, hogy kutat\u00e1sokat v\u00e9gezzenek az \u00faj oktat\u00e1si m\u00f3dszerek ter\u00fclet\u00e9n.<\/li><li><strong>D\u00edjak \u00e9s kit\u00fcntet\u00e9sek<\/strong>: Elismer\u00e9sek alap\u00edt\u00e1sa a kiemelked\u0151 teljes\u00edtm\u00e9nyt ny\u00fajt\u00f3 pedag\u00f3gusok sz\u00e1m\u00e1ra.<\/li><\/ul>\t\t\t\t\t\t<\/div>\n\t\t\t\t<\/div>\n\t\t\t\t\t<\/div>\n\t\t<\/div>\n\t\t\t\t\t\t\t<\/div>\n\t\t<\/section>\n\t\t\t\t\t\t\t<\/div>\n\t\t","protected":false},"excerpt":{"rendered":"<p>A Merlin H\u00e1z c\u00e9lkit\u0171z\u00e9sei Di\u00e1koknak: A term\u00e9szettudom\u00e1nyos, informatikai \u00e9s m\u0171szaki p\u00e1ly\u00e1k ir\u00e1nti \u00e9rdekl\u0151d\u00e9s felkelt\u00e9se. A mindennapi \u00e9letben is j\u00f3l haszn\u00e1lhat\u00f3 ismeretek, k\u00e9szs\u00e9gek \u00e9s technik\u00e1k \u00e1tad\u00e1sa. A k\u00f6z\u00e9piskolai felv\u00e9teli vizsg\u00e1kra val\u00f3 [&hellip;]<\/p>\n","protected":false},"author":1,"featured_media":81,"parent":0,"menu_order":0,"comment_status":"closed","ping_status":"closed","template":"page-templates\/full-width-container.php","meta":[],"_links":{"self":[{"href":"https:\/\/merlinhaz.hu\/index.php?rest_route=\/wp\/v2\/pages\/33"}],"collection":[{"href":"https:\/\/merlinhaz.hu\/index.php?rest_route=\/wp\/v2\/pages"}],"about":[{"href":"https:\/\/merlinhaz.hu\/index.php?rest_route=\/wp\/v2\/types\/page"}],"author":[{"embeddable":true,"href":"https:\/\/merlinhaz.hu\/index.php?rest_route=\/wp\/v2\/users\/1"}],"replies":[{"embeddable":true,"href":"https:\/\/merlinhaz.hu\/index.php?rest_route=%2Fwp%2Fv2%2Fcomments&post=33"}],"version-history":[{"count":13,"href":"https:\/\/merlinhaz.hu\/index.php?rest_route=\/wp\/v2\/pages\/33\/revisions"}],"predecessor-version":[{"id":2973,"href":"https:\/\/merlinhaz.hu\/index.php?rest_route=\/wp\/v2\/pages\/33\/revisions\/2973"}],"wp:featuredmedia":[{"embeddable":true,"href":"https:\/\/merlinhaz.hu\/index.php?rest_route=\/wp\/v2\/media\/81"}],"wp:attachment":[{"href":"https:\/\/merlinhaz.hu\/index.php?rest_route=%2Fwp%2Fv2%2Fmedia&parent=33"}],"curies":[{"name":"wp","href":"https:\/\/api.w.org\/{rel}","templated":true}]}}