{"id":1735,"date":"2023-08-06T13:01:47","date_gmt":"2023-08-06T13:01:47","guid":{"rendered":"https:\/\/merlinhaz.hu\/?page_id=1735"},"modified":"2024-07-31T12:45:31","modified_gmt":"2024-07-31T12:45:31","slug":"mit-kinalunk","status":"publish","type":"page","link":"https:\/\/merlinhaz.hu\/?page_id=1735","title":{"rendered":"Mit k\u00edn\u00e1lunk?"},"content":{"rendered":"\t\t<div data-elementor-type=\"wp-page\" data-elementor-id=\"1735\" class=\"elementor elementor-1735\">\n\t\t\t\t\t\t\t\t\t<section class=\"elementor-section elementor-top-section elementor-element elementor-element-4f03d31e elementor-section-content-top elementor-section-full_width elementor-section-height-default elementor-section-height-default\" data-id=\"4f03d31e\" data-element_type=\"section\" data-settings=\"{&quot;background_background&quot;:&quot;gradient&quot;}\">\n\t\t\t\t\t\t<div class=\"elementor-container elementor-column-gap-no\">\n\t\t\t\t\t<div class=\"elementor-column elementor-col-100 elementor-top-column elementor-element elementor-element-2e3a693d\" data-id=\"2e3a693d\" data-element_type=\"column\">\n\t\t\t<div class=\"elementor-widget-wrap elementor-element-populated\">\n\t\t\t\t\t\t\t\t<div class=\"elementor-element elementor-element-4498e04 elementor-widget elementor-widget-image\" data-id=\"4498e04\" data-element_type=\"widget\" data-widget_type=\"image.default\">\n\t\t\t\t<div class=\"elementor-widget-container\">\n\t\t\t<style>\/*! elementor - v3.15.0 - 02-08-2023 *\/\n.elementor-widget-image{text-align:center}.elementor-widget-image a{display:inline-block}.elementor-widget-image a img[src$=\".svg\"]{width:48px}.elementor-widget-image img{vertical-align:middle;display:inline-block}<\/style>\t\t\t\t\t\t\t\t\t\t\t\t<img decoding=\"async\" width=\"640\" height=\"320\" src=\"https:\/\/merlinhaz.hu\/wp-content\/uploads\/2023\/08\/learn_cut-1024x512.jpg\" class=\"attachment-large size-large wp-image-1867\" alt=\"\" loading=\"lazy\" srcset=\"https:\/\/merlinhaz.hu\/wp-content\/uploads\/2023\/08\/learn_cut-1024x512.jpg 1024w, https:\/\/merlinhaz.hu\/wp-content\/uploads\/2023\/08\/learn_cut-300x150.jpg 300w, https:\/\/merlinhaz.hu\/wp-content\/uploads\/2023\/08\/learn_cut-768x384.jpg 768w, https:\/\/merlinhaz.hu\/wp-content\/uploads\/2023\/08\/learn_cut-1536x768.jpg 1536w, https:\/\/merlinhaz.hu\/wp-content\/uploads\/2023\/08\/learn_cut.jpg 2000w\" sizes=\"(max-width: 640px) 100vw, 640px\" \/>\t\t\t\t\t\t\t\t\t\t\t\t\t\t\t<\/div>\n\t\t\t\t<\/div>\n\t\t\t\t<section class=\"elementor-section elementor-inner-section elementor-element elementor-element-6cc7693e elementor-section-content-top elementor-section-boxed elementor-section-height-default elementor-section-height-default\" data-id=\"6cc7693e\" data-element_type=\"section\">\n\t\t\t\t\t\t<div class=\"elementor-container elementor-column-gap-default\">\n\t\t\t\t\t<div class=\"elementor-column elementor-col-50 elementor-inner-column elementor-element elementor-element-646155c4\" data-id=\"646155c4\" data-element_type=\"column\">\n\t\t\t<div class=\"elementor-widget-wrap elementor-element-populated\">\n\t\t\t\t\t\t\t\t<div class=\"elementor-element elementor-element-35d1ab7c elementor-view-default elementor-position-top elementor-mobile-position-top elementor-widget elementor-widget-icon-box\" data-id=\"35d1ab7c\" data-element_type=\"widget\" data-widget_type=\"icon-box.default\">\n\t\t\t\t<div class=\"elementor-widget-container\">\n\t\t\t<link rel=\"stylesheet\" href=\"https:\/\/merlinhaz.hu\/wp-content\/plugins\/elementor\/assets\/css\/widget-icon-box.min.css\">\t\t<div class=\"elementor-icon-box-wrapper\">\n\t\t\t\t\t\t<div class=\"elementor-icon-box-icon\">\n\t\t\t\t<span class=\"elementor-icon elementor-animation-grow\" >\n\t\t\t\t<i aria-hidden=\"true\" class=\"fas fa-star\"><\/i>\t\t\t\t<\/span>\n\t\t\t<\/div>\n\t\t\t\t\t\t<div class=\"elementor-icon-box-content\">\n\t\t\t\t<h3 class=\"elementor-icon-box-title\">\n\t\t\t\t\t<span  >\n\t\t\t\t\t\tTanfolyamok\t\t\t\t\t<\/span>\n\t\t\t\t<\/h3>\n\t\t\t\t\t\t\t\t\t<p class=\"elementor-icon-box-description\">\n\t\t\t\t\t\t<b>Izgalmas, sz\u00f3rakoztat\u00f3, j\u00e1t\u00e9kos tanul\u00e1s, ismerked\u00e9s a k\u00f6z\u00e9piskolai felv\u00e9teli k\u00f6vetelm\u00e9nyekkel.<\/b>\t\t\t\t\t<\/p>\n\t\t\t\t\t\t\t<\/div>\n\t\t<\/div>\n\t\t\t\t<\/div>\n\t\t\t\t<\/div>\n\t\t\t\t\t<\/div>\n\t\t<\/div>\n\t\t\t\t<div class=\"elementor-column elementor-col-50 elementor-inner-column elementor-element elementor-element-2813db2f\" data-id=\"2813db2f\" data-element_type=\"column\">\n\t\t\t<div class=\"elementor-widget-wrap elementor-element-populated\">\n\t\t\t\t\t\t\t\t<div class=\"elementor-element elementor-element-2f740cf8 elementor-view-default elementor-position-top elementor-mobile-position-top elementor-widget elementor-widget-icon-box\" data-id=\"2f740cf8\" data-element_type=\"widget\" data-widget_type=\"icon-box.default\">\n\t\t\t\t<div class=\"elementor-widget-container\">\n\t\t\t\t\t<div class=\"elementor-icon-box-wrapper\">\n\t\t\t\t\t\t<div class=\"elementor-icon-box-icon\">\n\t\t\t\t<span class=\"elementor-icon elementor-animation-grow\" >\n\t\t\t\t<i aria-hidden=\"true\" class=\"fas fa-star\"><\/i>\t\t\t\t<\/span>\n\t\t\t<\/div>\n\t\t\t\t\t\t<div class=\"elementor-icon-box-content\">\n\t\t\t\t<h3 class=\"elementor-icon-box-title\">\n\t\t\t\t\t<span  >\n\t\t\t\t\t\tT\u00e1borok\t\t\t\t\t<\/span>\n\t\t\t\t<\/h3>\n\t\t\t\t\t\t\t\t\t<p class=\"elementor-icon-box-description\">\n\t\t\t\t\t\t<b>Kreat\u00edv \u00e9s fejleszt\u0151 programok, inspir\u00e1l\u00f3 k\u00f6z\u00f6ss\u00e9g, felk\u00e9sz\u00fclt oktat\u00f3k \u00e9s mentorok.<\/b><br>\t\t\t\t\t<\/p>\n\t\t\t\t\t\t\t<\/div>\n\t\t<\/div>\n\t\t\t\t<\/div>\n\t\t\t\t<\/div>\n\t\t\t\t\t<\/div>\n\t\t<\/div>\n\t\t\t\t\t\t\t<\/div>\n\t\t<\/section>\n\t\t\t\t<section class=\"elementor-section elementor-inner-section elementor-element elementor-element-25905dd3 elementor-section-boxed elementor-section-height-default elementor-section-height-default\" data-id=\"25905dd3\" data-element_type=\"section\">\n\t\t\t\t\t\t<div class=\"elementor-container elementor-column-gap-default\">\n\t\t\t\t\t<div class=\"elementor-column elementor-col-50 elementor-inner-column elementor-element elementor-element-79e4aa10\" data-id=\"79e4aa10\" data-element_type=\"column\">\n\t\t\t<div class=\"elementor-widget-wrap elementor-element-populated\">\n\t\t\t\t\t\t\t\t<div class=\"elementor-element elementor-element-53bd4787 elementor-view-default elementor-position-top elementor-mobile-position-top elementor-widget elementor-widget-icon-box\" data-id=\"53bd4787\" data-element_type=\"widget\" data-widget_type=\"icon-box.default\">\n\t\t\t\t<div class=\"elementor-widget-container\">\n\t\t\t\t\t<div class=\"elementor-icon-box-wrapper\">\n\t\t\t\t\t\t<div class=\"elementor-icon-box-icon\">\n\t\t\t\t<span class=\"elementor-icon elementor-animation-grow\" >\n\t\t\t\t<i aria-hidden=\"true\" class=\"fas fa-star\"><\/i>\t\t\t\t<\/span>\n\t\t\t<\/div>\n\t\t\t\t\t\t<div class=\"elementor-icon-box-content\">\n\t\t\t\t<h3 class=\"elementor-icon-box-title\">\n\t\t\t\t\t<span  >\n\t\t\t\t\t\tFelv\u00e9teli el\u0151k\u00e9sz\u00edt\u0151k\n\t\t\t\t\t<\/span>\n\t\t\t\t<\/h3>\n\t\t\t\t\t\t\t\t\t<p class=\"elementor-icon-box-description\">\n\t\t\t\t\t\t<span style=\"font-weight: 700;\">K\u00f6z\u00e9piskolai felv\u00e9teli el\u0151k\u00e9sz\u00edt\u0151k - Matematika, Magyar (Exactus)\nkis l\u00e9tsz\u00e1m (max 6-7 f\u0151)\nkorszer\u0171, hat\u00e9kony\nfolyamatos visszajelz\u00e9s, pr\u00f3ba felv\u00e9telik.<\/span><br><span style=\"font-weight: 700;\">\u00c9retts\u00e9gi el\u0151k\u00e9sz\u00edt\u0151k (matematika, fizika, k\u00e9mia, informatika) \negy\u00e9ni, vagy max 2-3 f\u0151\nk\u00f6z\u00e9p \u00e9s emelt szint.<\/span>\t\t\t\t\t<\/p>\n\t\t\t\t\t\t\t<\/div>\n\t\t<\/div>\n\t\t\t\t<\/div>\n\t\t\t\t<\/div>\n\t\t\t\t\t<\/div>\n\t\t<\/div>\n\t\t\t\t<div class=\"elementor-column elementor-col-50 elementor-inner-column elementor-element elementor-element-3fca3c80\" data-id=\"3fca3c80\" data-element_type=\"column\">\n\t\t\t<div class=\"elementor-widget-wrap elementor-element-populated\">\n\t\t\t\t\t\t\t\t<div class=\"elementor-element elementor-element-405c67e6 elementor-view-default elementor-position-top elementor-mobile-position-top elementor-widget elementor-widget-icon-box\" data-id=\"405c67e6\" data-element_type=\"widget\" data-widget_type=\"icon-box.default\">\n\t\t\t\t<div class=\"elementor-widget-container\">\n\t\t\t\t\t<div class=\"elementor-icon-box-wrapper\">\n\t\t\t\t\t\t<div class=\"elementor-icon-box-icon\">\n\t\t\t\t<span class=\"elementor-icon elementor-animation-grow\" >\n\t\t\t\t<i aria-hidden=\"true\" class=\"fas fa-star\"><\/i>\t\t\t\t<\/span>\n\t\t\t<\/div>\n\t\t\t\t\t\t<div class=\"elementor-icon-box-content\">\n\t\t\t\t<h3 class=\"elementor-icon-box-title\">\n\t\t\t\t\t<span  >\n\t\t\t\t\t\tBemutat\u00f3k\t\t\t\t\t<\/span>\n\t\t\t\t<\/h3>\n\t\t\t\t\t\t\t\t\t<p class=\"elementor-icon-box-description\">\n\t\t\t\t\t\t<b>Rendszeres bemutat\u00f3k, ny\u00edlt napok a sz\u00fcl\u0151k, pedag\u00f3gusok \u00e9s tehets\u00e9ggondoz\u00f3k sz\u00e1m\u00e1ra.<br>\u00daj m\u00f3dszerek megismer\u00e9se, gyakorlati tapasztalatok, k\u00f6z\u00f6ss\u00e9g \u00e9p\u00edt\u00e9se.<\/b>\t\t\t\t\t<\/p>\n\t\t\t\t\t\t\t<\/div>\n\t\t<\/div>\n\t\t\t\t<\/div>\n\t\t\t\t<\/div>\n\t\t\t\t\t<\/div>\n\t\t<\/div>\n\t\t\t\t\t\t\t<\/div>\n\t\t<\/section>\n\t\t\t\t<div class=\"elementor-element elementor-element-b7bdba6 elementor-widget elementor-widget-spacer\" data-id=\"b7bdba6\" data-element_type=\"widget\" data-widget_type=\"spacer.default\">\n\t\t\t\t<div class=\"elementor-widget-container\">\n\t\t\t<style>\/*! elementor - v3.15.0 - 02-08-2023 *\/\n.elementor-column .elementor-spacer-inner{height:var(--spacer-size)}.e-con{--container-widget-width:100%}.e-con-inner>.elementor-widget-spacer,.e-con>.elementor-widget-spacer{width:var(--container-widget-width,var(--spacer-size));--align-self:var(--container-widget-align-self,initial);--flex-shrink:0}.e-con-inner>.elementor-widget-spacer>.elementor-widget-container,.e-con-inner>.elementor-widget-spacer>.elementor-widget-container>.elementor-spacer,.e-con>.elementor-widget-spacer>.elementor-widget-container,.e-con>.elementor-widget-spacer>.elementor-widget-container>.elementor-spacer{height:100%}.e-con-inner>.elementor-widget-spacer>.elementor-widget-container>.elementor-spacer>.elementor-spacer-inner,.e-con>.elementor-widget-spacer>.elementor-widget-container>.elementor-spacer>.elementor-spacer-inner{height:var(--container-widget-height,var(--spacer-size))}<\/style>\t\t<div class=\"elementor-spacer\">\n\t\t\t<div class=\"elementor-spacer-inner\"><\/div>\n\t\t<\/div>\n\t\t\t\t<\/div>\n\t\t\t\t<\/div>\n\t\t\t\t<div class=\"elementor-element elementor-element-366a07a elementor-widget elementor-widget-heading\" data-id=\"366a07a\" data-element_type=\"widget\" data-widget_type=\"heading.default\">\n\t\t\t\t<div class=\"elementor-widget-container\">\n\t\t\t<style>\/*! elementor - v3.15.0 - 02-08-2023 *\/\n.elementor-heading-title{padding:0;margin:0;line-height:1}.elementor-widget-heading .elementor-heading-title[class*=elementor-size-]>a{color:inherit;font-size:inherit;line-height:inherit}.elementor-widget-heading .elementor-heading-title.elementor-size-small{font-size:15px}.elementor-widget-heading .elementor-heading-title.elementor-size-medium{font-size:19px}.elementor-widget-heading .elementor-heading-title.elementor-size-large{font-size:29px}.elementor-widget-heading .elementor-heading-title.elementor-size-xl{font-size:39px}.elementor-widget-heading .elementor-heading-title.elementor-size-xxl{font-size:59px}<\/style><h2 class=\"elementor-heading-title elementor-size-default\">Rendezv\u00e9nyeink<\/h2>\t\t<\/div>\n\t\t\t\t<\/div>\n\t\t\t\t<div class=\"elementor-element elementor-element-284a7db elementor-widget elementor-widget-spacer\" data-id=\"284a7db\" data-element_type=\"widget\" data-widget_type=\"spacer.default\">\n\t\t\t\t<div class=\"elementor-widget-container\">\n\t\t\t\t\t<div class=\"elementor-spacer\">\n\t\t\t<div class=\"elementor-spacer-inner\"><\/div>\n\t\t<\/div>\n\t\t\t\t<\/div>\n\t\t\t\t<\/div>\n\t\t\t\t<div class=\"elementor-element elementor-element-db20ec6 elementor-widget elementor-widget-image\" data-id=\"db20ec6\" data-element_type=\"widget\" data-widget_type=\"image.default\">\n\t\t\t\t<div class=\"elementor-widget-container\">\n\t\t\t\t\t\t\t\t\t\t\t\t\t\t\t<img decoding=\"async\" width=\"640\" height=\"428\" src=\"https:\/\/merlinhaz.hu\/wp-content\/uploads\/2024\/07\/kolping-1024x684.jpg\" class=\"attachment-large size-large wp-image-2404\" alt=\"\" loading=\"lazy\" srcset=\"https:\/\/merlinhaz.hu\/wp-content\/uploads\/2024\/07\/kolping-1024x684.jpg 1024w, https:\/\/merlinhaz.hu\/wp-content\/uploads\/2024\/07\/kolping-300x200.jpg 300w, https:\/\/merlinhaz.hu\/wp-content\/uploads\/2024\/07\/kolping-768x513.jpg 768w, https:\/\/merlinhaz.hu\/wp-content\/uploads\/2024\/07\/kolping-1536x1025.jpg 1536w, https:\/\/merlinhaz.hu\/wp-content\/uploads\/2024\/07\/kolping-600x400.jpg 600w, https:\/\/merlinhaz.hu\/wp-content\/uploads\/2024\/07\/kolping.jpg 2000w\" sizes=\"(max-width: 640px) 100vw, 640px\" \/>\t\t\t\t\t\t\t\t\t\t\t\t\t\t\t<\/div>\n\t\t\t\t<\/div>\n\t\t\t\t<div class=\"elementor-element elementor-element-8704dc1 elementor-widget elementor-widget-spacer\" data-id=\"8704dc1\" data-element_type=\"widget\" data-widget_type=\"spacer.default\">\n\t\t\t\t<div class=\"elementor-widget-container\">\n\t\t\t\t\t<div class=\"elementor-spacer\">\n\t\t\t<div class=\"elementor-spacer-inner\"><\/div>\n\t\t<\/div>\n\t\t\t\t<\/div>\n\t\t\t\t<\/div>\n\t\t\t\t<div class=\"elementor-element elementor-element-0f69292 elementor-widget elementor-widget-text-editor\" data-id=\"0f69292\" data-element_type=\"widget\" data-widget_type=\"text-editor.default\">\n\t\t\t\t<div class=\"elementor-widget-container\">\n\t\t\t<style>\/*! elementor - v3.15.0 - 02-08-2023 *\/\n.elementor-widget-text-editor.elementor-drop-cap-view-stacked .elementor-drop-cap{background-color:#69727d;color:#fff}.elementor-widget-text-editor.elementor-drop-cap-view-framed .elementor-drop-cap{color:#69727d;border:3px solid;background-color:transparent}.elementor-widget-text-editor:not(.elementor-drop-cap-view-default) .elementor-drop-cap{margin-top:8px}.elementor-widget-text-editor:not(.elementor-drop-cap-view-default) .elementor-drop-cap-letter{width:1em;height:1em}.elementor-widget-text-editor .elementor-drop-cap{float:left;text-align:center;line-height:1;font-size:50px}.elementor-widget-text-editor .elementor-drop-cap-letter{display:inline-block}<\/style>\t\t\t\t<h4><strong><span style=\"color: #333333;\">Szegedi Tudom\u00e1nyegyetem Juh\u00e1sz Gyula Pedag\u00f3gusk\u00e9pz\u0151 bemutat\u00f3<\/span><\/strong><\/h4><h4><strong><span style=\"color: #333333;\">Szolnok Curie Orsz\u00e1gos K\u00f6rnyezetv\u00e9delmi Verseny bemutat\u00f3<\/span><\/strong><\/h4><h4><strong><span style=\"color: #333333;\">Sz\u00fcl\u0151i ny\u00edlt napok<\/span><\/strong><\/h4><h4><strong><span style=\"color: #333333;\">Dunaharaszti Laffert K\u00faria bemutat\u00f3<\/span><\/strong><\/h4><h4><strong><span style=\"color: #333333;\">Dunaharaszti Hunyadi J\u00e1nos N\u00e9met Nemzetis\u00e9g\u0171 \u00c1ltal\u00e1nos Iskola j\u00e1t\u00e9kos foglalkoz\u00e1s<\/span><\/strong><\/h4><h4><strong><span style=\"color: #333333;\">Budapest Millen\u00e1ris Park bemutat\u00f3<\/span><\/strong><\/h4><h4><strong><span style=\"color: #333333;\">R\u00e1calm\u00e1s Robotika Ny\u00edlt nap<\/span><\/strong><\/h4><h4><strong><span style=\"color: #333333;\">Tatab\u00e1nya WRO d\u00f6nt\u0151<\/span><\/strong><\/h4><h4><strong><span style=\"color: #333333;\">Als\u00f3p\u00e1hok Kolping Hotel bemutat\u00f3<\/span><\/strong><\/h4>\t\t\t\t\t\t<\/div>\n\t\t\t\t<\/div>\n\t\t\t\t<div class=\"elementor-element elementor-element-ef18408 elementor-widget elementor-widget-spacer\" data-id=\"ef18408\" data-element_type=\"widget\" data-widget_type=\"spacer.default\">\n\t\t\t\t<div class=\"elementor-widget-container\">\n\t\t\t\t\t<div class=\"elementor-spacer\">\n\t\t\t<div class=\"elementor-spacer-inner\"><\/div>\n\t\t<\/div>\n\t\t\t\t<\/div>\n\t\t\t\t<\/div>\n\t\t\t\t<div class=\"elementor-element elementor-element-5544311 elementor-widget elementor-widget-heading\" data-id=\"5544311\" data-element_type=\"widget\" data-widget_type=\"heading.default\">\n\t\t\t\t<div class=\"elementor-widget-container\">\n\t\t\t<h2 class=\"elementor-heading-title elementor-size-default\">Kiknek aj\u00e1nljuk?<\/h2>\t\t<\/div>\n\t\t\t\t<\/div>\n\t\t\t\t<div class=\"elementor-element elementor-element-2896292 elementor-widget elementor-widget-spacer\" data-id=\"2896292\" data-element_type=\"widget\" data-widget_type=\"spacer.default\">\n\t\t\t\t<div class=\"elementor-widget-container\">\n\t\t\t\t\t<div class=\"elementor-spacer\">\n\t\t\t<div class=\"elementor-spacer-inner\"><\/div>\n\t\t<\/div>\n\t\t\t\t<\/div>\n\t\t\t\t<\/div>\n\t\t\t\t<div class=\"elementor-element elementor-element-8e6dcf3 elementor-widget elementor-widget-image\" data-id=\"8e6dcf3\" data-element_type=\"widget\" data-widget_type=\"image.default\">\n\t\t\t\t<div class=\"elementor-widget-container\">\n\t\t\t\t\t\t\t\t\t\t\t\t\t\t\t<img decoding=\"async\" width=\"640\" height=\"288\" src=\"https:\/\/merlinhaz.hu\/wp-content\/uploads\/2023\/05\/20230422_124206-1024x461.jpg\" class=\"attachment-large size-large wp-image-1519\" alt=\"\" loading=\"lazy\" srcset=\"https:\/\/merlinhaz.hu\/wp-content\/uploads\/2023\/05\/20230422_124206-1024x461.jpg 1024w, https:\/\/merlinhaz.hu\/wp-content\/uploads\/2023\/05\/20230422_124206-300x135.jpg 300w, https:\/\/merlinhaz.hu\/wp-content\/uploads\/2023\/05\/20230422_124206-768x346.jpg 768w, https:\/\/merlinhaz.hu\/wp-content\/uploads\/2023\/05\/20230422_124206-1536x692.jpg 1536w, https:\/\/merlinhaz.hu\/wp-content\/uploads\/2023\/05\/20230422_124206.jpg 1920w\" sizes=\"(max-width: 640px) 100vw, 640px\" \/>\t\t\t\t\t\t\t\t\t\t\t\t\t\t\t<\/div>\n\t\t\t\t<\/div>\n\t\t\t\t<div class=\"elementor-element elementor-element-5bf86c4 elementor-widget elementor-widget-spacer\" data-id=\"5bf86c4\" data-element_type=\"widget\" data-widget_type=\"spacer.default\">\n\t\t\t\t<div class=\"elementor-widget-container\">\n\t\t\t\t\t<div class=\"elementor-spacer\">\n\t\t\t<div class=\"elementor-spacer-inner\"><\/div>\n\t\t<\/div>\n\t\t\t\t<\/div>\n\t\t\t\t<\/div>\n\t\t\t\t<div class=\"elementor-element elementor-element-5707824 elementor-widget elementor-widget-text-editor\" data-id=\"5707824\" data-element_type=\"widget\" data-widget_type=\"text-editor.default\">\n\t\t\t\t<div class=\"elementor-widget-container\">\n\t\t\t\t\t\t\t<h4>A term\u00e9szet titkaira k\u00edv\u00e1ncsi fiataloknak.<\/h4>\n<h4>Akik nem el\u00e9gednek meg az iskolai keretek k\u00f6z\u00f6tt tanultakkal.<\/h4>\n<h4>Akik id\u0151ben szeretn\u00e9k elkezdeni a k\u00f6z\u00e9piskolai felv\u00e9telikre val\u00f3 felk\u00e9sz\u00fcl\u00e9st.<\/h4>\n<h4>Szeretnek j\u00e1tszani, j\u00e1t\u00e9k k\u00f6zben tanulni.<\/h4>\n<h4>Vid\u00e1m, inspir\u00e1l\u00f3 k\u00f6z\u00f6ss\u00e9get keresnek.<\/h4>\n<h4>K\u00edv\u00e1ncsiak az \u00faj technol\u00f3gi\u00e1kra.<\/h4>\t\t\t\t\t\t<\/div>\n\t\t\t\t<\/div>\n\t\t\t\t\t<\/div>\n\t\t<\/div>\n\t\t\t\t\t\t\t<\/div>\n\t\t<\/section>\n\t\t\t\t<section class=\"elementor-section elementor-top-section elementor-element elementor-element-abb0832 elementor-section-boxed elementor-section-height-default elementor-section-height-default\" data-id=\"abb0832\" data-element_type=\"section\">\n\t\t\t\t\t\t<div class=\"elementor-container elementor-column-gap-default\">\n\t\t\t\t\t<div class=\"elementor-column elementor-col-100 elementor-top-column elementor-element elementor-element-9f98652\" data-id=\"9f98652\" data-element_type=\"column\">\n\t\t\t<div class=\"elementor-widget-wrap\">\n\t\t\t\t\t\t\t\t\t<\/div>\n\t\t<\/div>\n\t\t\t\t\t\t\t<\/div>\n\t\t<\/section>\n\t\t\t\t\t\t\t<\/div>\n\t\t","protected":false},"excerpt":{"rendered":"<p>Tanfolyamok Izgalmas, sz\u00f3rakoztat\u00f3, j\u00e1t\u00e9kos tanul\u00e1s, ismerked\u00e9s a k\u00f6z\u00e9piskolai felv\u00e9teli k\u00f6vetelm\u00e9nyekkel. T\u00e1borok Kreat\u00edv \u00e9s fejleszt\u0151 programok, inspir\u00e1l\u00f3 k\u00f6z\u00f6ss\u00e9g, felk\u00e9sz\u00fclt oktat\u00f3k \u00e9s mentorok. Felv\u00e9teli el\u0151k\u00e9sz\u00edt\u0151k K\u00f6z\u00e9piskolai felv\u00e9teli el\u0151k\u00e9sz\u00edt\u0151k &#8211; Matematika, Magyar (Exactus) [&hellip;]<\/p>\n","protected":false},"author":1,"featured_media":1736,"parent":0,"menu_order":0,"comment_status":"closed","ping_status":"closed","template":"page-templates\/full-width-container.php","meta":[],"_links":{"self":[{"href":"https:\/\/merlinhaz.hu\/index.php?rest_route=\/wp\/v2\/pages\/1735"}],"collection":[{"href":"https:\/\/merlinhaz.hu\/index.php?rest_route=\/wp\/v2\/pages"}],"about":[{"href":"https:\/\/merlinhaz.hu\/index.php?rest_route=\/wp\/v2\/types\/page"}],"author":[{"embeddable":true,"href":"https:\/\/merlinhaz.hu\/index.php?rest_route=\/wp\/v2\/users\/1"}],"replies":[{"embeddable":true,"href":"https:\/\/merlinhaz.hu\/index.php?rest_route=%2Fwp%2Fv2%2Fcomments&post=1735"}],"version-history":[{"count":74,"href":"https:\/\/merlinhaz.hu\/index.php?rest_route=\/wp\/v2\/pages\/1735\/revisions"}],"predecessor-version":[{"id":2616,"href":"https:\/\/merlinhaz.hu\/index.php?rest_route=\/wp\/v2\/pages\/1735\/revisions\/2616"}],"wp:featuredmedia":[{"embeddable":true,"href":"https:\/\/merlinhaz.hu\/index.php?rest_route=\/wp\/v2\/media\/1736"}],"wp:attachment":[{"href":"https:\/\/merlinhaz.hu\/index.php?rest_route=%2Fwp%2Fv2%2Fmedia&parent=1735"}],"curies":[{"name":"wp","href":"https:\/\/api.w.org\/{rel}","templated":true}]}}