{"id":1665,"date":"2023-08-05T22:06:46","date_gmt":"2023-08-05T22:06:46","guid":{"rendered":"https:\/\/merlinhaz.hu\/?page_id=1665"},"modified":"2025-07-21T13:52:18","modified_gmt":"2025-07-21T13:52:18","slug":"tehetseggondozas-merlin-mentor-program","status":"publish","type":"page","link":"https:\/\/merlinhaz.hu\/?page_id=1665","title":{"rendered":"Tehets\u00e9ggondoz\u00e1s \u2013 Merlin Mentorprogram"},"content":{"rendered":"\t\t<div data-elementor-type=\"wp-page\" data-elementor-id=\"1665\" class=\"elementor elementor-1665\">\n\t\t\t\t\t\t\t\t\t<section class=\"elementor-section elementor-top-section elementor-element elementor-element-459d3ec elementor-section-boxed elementor-section-height-default elementor-section-height-default\" data-id=\"459d3ec\" data-element_type=\"section\">\n\t\t\t\t\t\t<div class=\"elementor-container elementor-column-gap-default\">\n\t\t\t\t\t<div class=\"elementor-column elementor-col-100 elementor-top-column elementor-element elementor-element-a1cdf91\" data-id=\"a1cdf91\" data-element_type=\"column\">\n\t\t\t<div class=\"elementor-widget-wrap elementor-element-populated\">\n\t\t\t\t\t\t\t\t<div class=\"elementor-element elementor-element-cc6f443 elementor-widget elementor-widget-heading\" data-id=\"cc6f443\" data-element_type=\"widget\" data-widget_type=\"heading.default\">\n\t\t\t\t<div class=\"elementor-widget-container\">\n\t\t\t<style>\/*! elementor - v3.15.0 - 02-08-2023 *\/\n.elementor-heading-title{padding:0;margin:0;line-height:1}.elementor-widget-heading .elementor-heading-title[class*=elementor-size-]>a{color:inherit;font-size:inherit;line-height:inherit}.elementor-widget-heading .elementor-heading-title.elementor-size-small{font-size:15px}.elementor-widget-heading .elementor-heading-title.elementor-size-medium{font-size:19px}.elementor-widget-heading .elementor-heading-title.elementor-size-large{font-size:29px}.elementor-widget-heading .elementor-heading-title.elementor-size-xl{font-size:39px}.elementor-widget-heading .elementor-heading-title.elementor-size-xxl{font-size:59px}<\/style><h2 class=\"elementor-heading-title elementor-size-default\">Tehets\u00e9ggondoz\u00e1s<\/h2>\t\t<\/div>\n\t\t\t\t<\/div>\n\t\t\t\t<div class=\"elementor-element elementor-element-70eef7f elementor-widget elementor-widget-image\" data-id=\"70eef7f\" data-element_type=\"widget\" data-widget_type=\"image.default\">\n\t\t\t\t<div class=\"elementor-widget-container\">\n\t\t\t<style>\/*! elementor - v3.15.0 - 02-08-2023 *\/\n.elementor-widget-image{text-align:center}.elementor-widget-image a{display:inline-block}.elementor-widget-image a img[src$=\".svg\"]{width:48px}.elementor-widget-image img{vertical-align:middle;display:inline-block}<\/style>\t\t\t\t\t\t\t\t\t\t\t\t<img decoding=\"async\" width=\"920\" height=\"400\" src=\"https:\/\/merlinhaz.hu\/wp-content\/uploads\/2024\/08\/curie-042-920x400.jpg\" class=\"attachment-bizberg_detail_image_no_sidebar size-bizberg_detail_image_no_sidebar wp-image-2887\" alt=\"\" loading=\"lazy\" \/>\t\t\t\t\t\t\t\t\t\t\t\t\t\t\t<\/div>\n\t\t\t\t<\/div>\n\t\t\t\t\t<\/div>\n\t\t<\/div>\n\t\t\t\t\t\t\t<\/div>\n\t\t<\/section>\n\t\t\t\t<section class=\"elementor-section elementor-top-section elementor-element elementor-element-776c115 elementor-section-boxed elementor-section-height-default elementor-section-height-default\" data-id=\"776c115\" data-element_type=\"section\">\n\t\t\t\t\t\t<div class=\"elementor-container elementor-column-gap-default\">\n\t\t\t\t\t<div class=\"elementor-column elementor-col-100 elementor-top-column elementor-element elementor-element-84ebc28\" data-id=\"84ebc28\" data-element_type=\"column\">\n\t\t\t<div class=\"elementor-widget-wrap elementor-element-populated\">\n\t\t\t\t\t\t\t\t<div class=\"elementor-element elementor-element-052d012 elementor-widget__width-initial elementor-widget elementor-widget-text-editor\" data-id=\"052d012\" data-element_type=\"widget\" data-widget_type=\"text-editor.default\">\n\t\t\t\t<div class=\"elementor-widget-container\">\n\t\t\t<style>\/*! elementor - v3.15.0 - 02-08-2023 *\/\n.elementor-widget-text-editor.elementor-drop-cap-view-stacked .elementor-drop-cap{background-color:#69727d;color:#fff}.elementor-widget-text-editor.elementor-drop-cap-view-framed .elementor-drop-cap{color:#69727d;border:3px solid;background-color:transparent}.elementor-widget-text-editor:not(.elementor-drop-cap-view-default) .elementor-drop-cap{margin-top:8px}.elementor-widget-text-editor:not(.elementor-drop-cap-view-default) .elementor-drop-cap-letter{width:1em;height:1em}.elementor-widget-text-editor .elementor-drop-cap{float:left;text-align:center;line-height:1;font-size:50px}.elementor-widget-text-editor .elementor-drop-cap-letter{display:inline-block}<\/style>\t\t\t\t<p>A Merlin H\u00e1z Tehets\u00e9gpont a Magyar Tehets\u00e9gseg\u00edt\u0151 H\u00e1l\u00f3zat (Matehetsz) \u00e9s az Eur\u00f3pai Tehets\u00e9gseg\u00edt\u0151 H\u00e1l\u00f3zat (ETSN) tagja. Di\u00e1kjaink sz\u00fcl\u0151k, tan\u00e1rok vagy tehets\u00e9ggondoz\u00f3 szakemberek aj\u00e1nl\u00e1sa alapj\u00e1n ker\u00fclhetnek be hozz\u00e1nk.<\/p>\t\t\t\t\t\t<\/div>\n\t\t\t\t<\/div>\n\t\t\t\t\t<\/div>\n\t\t<\/div>\n\t\t\t\t\t\t\t<\/div>\n\t\t<\/section>\n\t\t\t\t<section class=\"elementor-section elementor-top-section elementor-element elementor-element-dfbfe58 elementor-section-boxed elementor-section-height-default elementor-section-height-default\" data-id=\"dfbfe58\" data-element_type=\"section\">\n\t\t\t\t\t\t<div class=\"elementor-container elementor-column-gap-default\">\n\t\t\t\t\t<div class=\"elementor-column elementor-col-100 elementor-top-column elementor-element elementor-element-b8446d8\" data-id=\"b8446d8\" data-element_type=\"column\">\n\t\t\t<div class=\"elementor-widget-wrap elementor-element-populated\">\n\t\t\t\t\t\t\t\t<div class=\"elementor-element elementor-element-71e3b8a elementor-widget__width-initial elementor-widget elementor-widget-text-editor\" data-id=\"71e3b8a\" data-element_type=\"widget\" data-widget_type=\"text-editor.default\">\n\t\t\t\t<div class=\"elementor-widget-container\">\n\t\t\t\t\t\t\t<p>A tehets\u00e9ggondoz\u00f3 programunkba kiv\u00e1lasztott di\u00e1kok sz\u00e1m\u00e1ra az al\u00e1bbi lehet\u0151s\u00e9geket tudjuk biztos\u00edtani:<\/p>\n<ol>\n<li>\n<p><strong>Szem\u00e9lyre szabott mentor\u00e1l\u00e1s<\/strong>: Tapasztalt szakemberek ny\u00fajtanak egy\u00e9ni t\u00e1mogat\u00e1st, seg\u00edtve a di\u00e1kokat a STEM ter\u00fcleteken val\u00f3 fejl\u0151d\u00e9sben.<\/p>\n<\/li>\n<li>\n<p><strong>Speci\u00e1lis k\u00e9pz\u00e9sek \u00e9s workshopok<\/strong>: Olyan interakt\u00edv foglalkoz\u00e1sok, amelyek m\u00e9ly\u00edtik a tudom\u00e1nyos ismereteket \u00e9s gyakorlati k\u00e9szs\u00e9geket.<\/p>\n<\/li>\n<li>\n<p><strong>Versenyek \u00e9s kih\u00edv\u00e1sok<\/strong>: R\u00e9szv\u00e9teli lehet\u0151s\u00e9g k\u00fcl\u00f6nb\u00f6z\u0151 tudom\u00e1nyos versenyeken, ahol a di\u00e1kok megm\u00e9rettethetik tud\u00e1sukat.<\/p>\n<\/li>\n<li>\n<p><strong>Hozz\u00e1f\u00e9r\u00e9s modern eszk\u00f6z\u00f6kh\u00f6z \u00e9s laborat\u00f3riumokhoz<\/strong>: Innovat\u00edv technol\u00f3gi\u00e1k \u00e9s kutat\u00e1si eszk\u00f6z\u00f6k haszn\u00e1lata a tanul\u00e1s \u00e9s k\u00eds\u00e9rletez\u00e9s sor\u00e1n.<\/p>\n<\/li>\n<li>\n<p><strong>K\u00f6z\u00f6ss\u00e9gi esem\u00e9nyek \u00e9s h\u00e1l\u00f3zat\u00e9p\u00edt\u00e9s<\/strong>: Lehet\u0151s\u00e9g tal\u00e1lkozni hasonl\u00f3 \u00e9rdekl\u0151d\u00e9s\u0171 di\u00e1kokkal \u00e9s szakemberekkel, b\u0151v\u00edtve a szakmai kapcsolati h\u00e1l\u00f3t.<\/p>\n<\/li>\n<li>\n<p><strong>Tov\u00e1bbtanul\u00e1si \u00e9s karriertan\u00e1csad\u00e1s<\/strong>: Seg\u00edts\u00e9gny\u00fajt\u00e1s a megfelel\u0151 oktat\u00e1si int\u00e9zm\u00e9ny kiv\u00e1laszt\u00e1s\u00e1ban \u00e9s a karriertervez\u00e9sben.<\/p><\/li><\/ol>\t\t\t\t\t\t<\/div>\n\t\t\t\t<\/div>\n\t\t\t\t\t<\/div>\n\t\t<\/div>\n\t\t\t\t\t\t\t<\/div>\n\t\t<\/section>\n\t\t\t\t<section class=\"elementor-section elementor-top-section elementor-element elementor-element-b34c769 elementor-section-boxed elementor-section-height-default elementor-section-height-default\" data-id=\"b34c769\" data-element_type=\"section\">\n\t\t\t\t\t\t<div class=\"elementor-container elementor-column-gap-default\">\n\t\t\t\t\t<div class=\"elementor-column elementor-col-100 elementor-top-column elementor-element elementor-element-3f8bcc0\" data-id=\"3f8bcc0\" data-element_type=\"column\">\n\t\t\t<div class=\"elementor-widget-wrap elementor-element-populated\">\n\t\t\t\t\t\t\t\t<div class=\"elementor-element elementor-element-6b6c6d0 elementor-widget__width-initial elementor-widget elementor-widget-text-editor\" data-id=\"6b6c6d0\" data-element_type=\"widget\" data-widget_type=\"text-editor.default\">\n\t\t\t\t<div class=\"elementor-widget-container\">\n\t\t\t\t\t\t\t<p>A Merlin H\u00e1z m\u0171k\u00f6d\u00e9se sor\u00e1n t\u00f6bb olyan tehets\u00e9ges fiatal is megfordult n\u00e1lunk, akik 9\u201310 \u00e9vesen m\u00e9g r\u00e9sztvev\u0151k\u00e9nt csatlakoztak tanfolyamainkhoz, k\u00f6z\u00e9piskol\u00e1sk\u00e9nt m\u00e1r seg\u00edt\u0151k\u00e9nt \u00e9s mentork\u00e9nt vettek r\u00e9szt a programokban, egyetemistak\u00e9nt pedig el\u0151ad\u00e1sokat tartottak k\u00fcl\u00f6nb\u00f6z\u0151 rendezv\u00e9nyeinken.&nbsp;<\/p>\t\t\t\t\t\t<\/div>\n\t\t\t\t<\/div>\n\t\t\t\t\t<\/div>\n\t\t<\/div>\n\t\t\t\t\t\t\t<\/div>\n\t\t<\/section>\n\t\t\t\t<section class=\"elementor-section elementor-top-section elementor-element elementor-element-1cb0c215 elementor-section-content-middle elementor-section-boxed elementor-section-height-default elementor-section-height-default\" data-id=\"1cb0c215\" data-element_type=\"section\">\n\t\t\t\t\t\t<div class=\"elementor-container elementor-column-gap-custom\">\n\t\t\t\t\t<div class=\"elementor-column elementor-col-100 elementor-top-column elementor-element elementor-element-6729390f\" data-id=\"6729390f\" data-element_type=\"column\">\n\t\t\t<div class=\"elementor-widget-wrap elementor-element-populated\">\n\t\t\t\t\t\t\t\t<div class=\"elementor-element elementor-element-24fa876f elementor-widget elementor-widget-text-editor\" data-id=\"24fa876f\" data-element_type=\"widget\" data-widget_type=\"text-editor.default\">\n\t\t\t\t<div class=\"elementor-widget-container\">\n\t\t\t\t\t\t\t<p>Merlin H\u00e1z &#8211; Mentor program<\/p>\t\t\t\t\t\t<\/div>\n\t\t\t\t<\/div>\n\t\t\t\t<div class=\"elementor-element elementor-element-2137423d elementor-widget__width-initial elementor-widget elementor-widget-heading\" data-id=\"2137423d\" data-element_type=\"widget\" data-widget_type=\"heading.default\">\n\t\t\t\t<div class=\"elementor-widget-container\">\n\t\t\t<h4 class=\"elementor-heading-title elementor-size-default\">A mentor\u00e1ltaink szerint...<\/h4>\t\t<\/div>\n\t\t\t\t<\/div>\n\t\t\t\t<section class=\"elementor-section elementor-inner-section elementor-element elementor-element-6458a655 elementor-section-boxed elementor-section-height-default elementor-section-height-default\" data-id=\"6458a655\" data-element_type=\"section\">\n\t\t\t\t\t\t<div class=\"elementor-container elementor-column-gap-narrow\">\n\t\t\t\t\t<div class=\"elementor-column elementor-col-50 elementor-inner-column elementor-element elementor-element-3caa5ce4\" data-id=\"3caa5ce4\" data-element_type=\"column\">\n\t\t\t<div class=\"elementor-widget-wrap elementor-element-populated\">\n\t\t\t\t\t\t\t\t<div class=\"elementor-element elementor-element-2a49824e elementor-widget__width-initial elementor-view-default elementor-widget elementor-widget-icon\" data-id=\"2a49824e\" data-element_type=\"widget\" data-widget_type=\"icon.default\">\n\t\t\t\t<div class=\"elementor-widget-container\">\n\t\t\t\t\t<div class=\"elementor-icon-wrapper\">\n\t\t\t<div class=\"elementor-icon elementor-animation-grow\">\n\t\t\t<i aria-hidden=\"true\" class=\"fas fa-quote-left\"><\/i>\t\t\t<\/div>\n\t\t<\/div>\n\t\t\t\t<\/div>\n\t\t\t\t<\/div>\n\t\t\t\t<div class=\"elementor-element elementor-element-43f0a67 elementor-widget__width-initial elementor-widget elementor-widget-testimonial\" data-id=\"43f0a67\" data-element_type=\"widget\" data-widget_type=\"testimonial.default\">\n\t\t\t\t<div class=\"elementor-widget-container\">\n\t\t\t<style>\/*! elementor - v3.15.0 - 02-08-2023 *\/\n.elementor-testimonial-wrapper{overflow:hidden;text-align:center}.elementor-testimonial-wrapper .elementor-testimonial-content{font-size:1.3em;margin-bottom:20px}.elementor-testimonial-wrapper .elementor-testimonial-name{line-height:1.5;display:block}.elementor-testimonial-wrapper .elementor-testimonial-job{font-size:.85em;display:block}.elementor-testimonial-wrapper .elementor-testimonial-meta{width:100%;line-height:1}.elementor-testimonial-wrapper .elementor-testimonial-meta-inner{display:inline-block}.elementor-testimonial-wrapper .elementor-testimonial-meta .elementor-testimonial-details,.elementor-testimonial-wrapper .elementor-testimonial-meta .elementor-testimonial-image{display:table-cell;vertical-align:middle}.elementor-testimonial-wrapper .elementor-testimonial-meta .elementor-testimonial-image img{width:60px;height:60px;border-radius:50%;-o-object-fit:cover;object-fit:cover;max-width:none}.elementor-testimonial-wrapper .elementor-testimonial-meta.elementor-testimonial-image-position-aside .elementor-testimonial-image{padding-right:15px}.elementor-testimonial-wrapper .elementor-testimonial-meta.elementor-testimonial-image-position-aside .elementor-testimonial-details{text-align:left}.elementor-testimonial-wrapper .elementor-testimonial-meta.elementor-testimonial-image-position-top .elementor-testimonial-details,.elementor-testimonial-wrapper .elementor-testimonial-meta.elementor-testimonial-image-position-top .elementor-testimonial-image{display:block}.elementor-testimonial-wrapper .elementor-testimonial-meta.elementor-testimonial-image-position-top .elementor-testimonial-image{margin-bottom:20px}<\/style>\t\t<div class=\"elementor-testimonial-wrapper\">\n\t\t\t\t\t\t\t<div class=\"elementor-testimonial-content\">Nemes P\u00e9tert 2017-ben ismertem meg, amikor programoz\u00e1s tanfolyamra jelentkeztem hozz\u00e1, ahol felismerte a tehets\u00e9gemet. Robot versenyekre k\u00e9sz\u00edtett fel minket, k\u00e9s\u0151bb a t\u0151le tanult m\u00f3dszerekkel mi a kisebbek felk\u00e9sz\u00edt\u00e9s\u00e9ben is r\u00e9szt tudtunk venni. Az informatika oktat\u00e1sa mellett nagy hangs\u00falyt fektetett a term\u00e9szettudom\u00e1nyokra is. A tanfolyamokon tanult kutat\u00e1si m\u00f3dszerek \u00e9s eszk\u00f6z\u00f6k megismer\u00e9se az egyetemi kutat\u00e1saim sor\u00e1n is hasznosultak.<\/div>\n\t\t\t\n\t\t\t\t\t\t<div class=\"elementor-testimonial-meta\">\n\t\t\t\t<div class=\"elementor-testimonial-meta-inner\">\n\t\t\t\t\t\n\t\t\t\t\t\t\t\t\t\t<div class=\"elementor-testimonial-details\">\n\t\t\t\t\t\t\t\t\t\t\t\t\t\t<div class=\"elementor-testimonial-name\">Mertl Martin<\/div>\n\t\t\t\t\t\t\t\t\t\t\t\t\t\t\t\t\t\t\t\t\t\t<div class=\"elementor-testimonial-job\">egyetemi hallgat\u00f3<\/div>\n\t\t\t\t\t\t\t\t\t\t\t\t\t<\/div>\n\t\t\t\t\t\t\t\t\t<\/div>\n\t\t\t<\/div>\n\t\t\t\t\t<\/div>\n\t\t\t\t<\/div>\n\t\t\t\t<\/div>\n\t\t\t\t<div class=\"elementor-element elementor-element-1214bd4 elementor-widget__width-initial elementor-view-default elementor-widget elementor-widget-icon\" data-id=\"1214bd4\" data-element_type=\"widget\" data-widget_type=\"icon.default\">\n\t\t\t\t<div class=\"elementor-widget-container\">\n\t\t\t\t\t<div class=\"elementor-icon-wrapper\">\n\t\t\t<div class=\"elementor-icon elementor-animation-grow\">\n\t\t\t<i aria-hidden=\"true\" class=\"fas fa-quote-left\"><\/i>\t\t\t<\/div>\n\t\t<\/div>\n\t\t\t\t<\/div>\n\t\t\t\t<\/div>\n\t\t\t\t<div class=\"elementor-element elementor-element-3b82094 elementor-widget__width-initial elementor-widget elementor-widget-testimonial\" data-id=\"3b82094\" data-element_type=\"widget\" data-widget_type=\"testimonial.default\">\n\t\t\t\t<div class=\"elementor-widget-container\">\n\t\t\t\t\t<div class=\"elementor-testimonial-wrapper\">\n\t\t\t\t\t\t\t<div class=\"elementor-testimonial-content\">Nemes P\u00e9ter m\u00e9g 2017-ben ismerte fel a fiam k\u00e9pess\u00e9geit, majd csalhatatlan \u00e9rz\u00e9kkel ir\u00e1ny\u00edtotta \u0151t is a tehets\u00e9g\u00e9nek megfelel\u0151 \u00fatra. Innovat\u00edv m\u00f3dszereivel (gamifik\u00e1ci\u00f3, STEM) mindig a pedag\u00f3gia \u00faj \u00fatjait kereste, foglalkoz\u00e1sain glob\u00e1lis l\u00e1t\u00e1sm\u00f3dra \u00e9s kritikus gondolkod\u00e1sra neveli a gyerekeket. \u00d6nzetlen seg\u00edt\u0151k\u00e9szs\u00e9g\u00e9vel, er\u0151t magyar\u00e1zat\u00e1val hatalmas szerepet j\u00e1tszott abban, hogy 16 \u00e9ves kor\u00e1ra a fiam komoly sikereket tud maga m\u00f6g\u00f6tt az informatikai ter\u00fcleten, \u00e9s az orsz\u00e1g legjobb gimn\u00e1zium\u00e1ba nyert felv\u00e9telt.<\/div>\n\t\t\t\n\t\t\t\t\t\t<div class=\"elementor-testimonial-meta\">\n\t\t\t\t<div class=\"elementor-testimonial-meta-inner\">\n\t\t\t\t\t\n\t\t\t\t\t\t\t\t\t\t<div class=\"elementor-testimonial-details\">\n\t\t\t\t\t\t\t\t\t\t\t\t\t\t<div class=\"elementor-testimonial-name\">Tub\u00e1kos Zsuzsa<\/div>\n\t\t\t\t\t\t\t\t\t\t\t\t\t\t\t\t\t\t\t\t\t\t<div class=\"elementor-testimonial-job\">sz\u00fcl\u0151<\/div>\n\t\t\t\t\t\t\t\t\t\t\t\t\t<\/div>\n\t\t\t\t\t\t\t\t\t<\/div>\n\t\t\t<\/div>\n\t\t\t\t\t<\/div>\n\t\t\t\t<\/div>\n\t\t\t\t<\/div>\n\t\t\t\t\t<\/div>\n\t\t<\/div>\n\t\t\t\t<div class=\"elementor-column elementor-col-50 elementor-inner-column elementor-element elementor-element-1409e39e\" data-id=\"1409e39e\" data-element_type=\"column\">\n\t\t\t<div class=\"elementor-widget-wrap elementor-element-populated\">\n\t\t\t\t\t\t\t\t<div class=\"elementor-element elementor-element-5b86d4f5 elementor-widget__width-initial elementor-view-default elementor-widget elementor-widget-icon\" data-id=\"5b86d4f5\" data-element_type=\"widget\" data-widget_type=\"icon.default\">\n\t\t\t\t<div class=\"elementor-widget-container\">\n\t\t\t\t\t<div class=\"elementor-icon-wrapper\">\n\t\t\t<div class=\"elementor-icon elementor-animation-grow\">\n\t\t\t<i aria-hidden=\"true\" class=\"fas fa-quote-left\"><\/i>\t\t\t<\/div>\n\t\t<\/div>\n\t\t\t\t<\/div>\n\t\t\t\t<\/div>\n\t\t\t\t<div class=\"elementor-element elementor-element-4e4a9af8 elementor-widget__width-initial elementor-widget elementor-widget-testimonial\" data-id=\"4e4a9af8\" data-element_type=\"widget\" data-widget_type=\"testimonial.default\">\n\t\t\t\t<div class=\"elementor-widget-container\">\n\t\t\t\t\t<div class=\"elementor-testimonial-wrapper\">\n\t\t\t\t\t\t\t<div class=\"elementor-testimonial-content\">C\u00e9lunk, hogy a fiatalok megszeress\u00e9k a term\u00e9szettudom\u00e1nyt \u00e9s, hogy ne csak k\u00f6telez\u0151 tanulnival\u00f3k\u00e9nt \u00e1lljanak hozz\u00e1, hanem egy kis \u00e9rdekl\u0151d\u00e9st is mutassanak, hogy tetszik nekik \u00e9s sz\u00edvesen foglalkozn\u00e1nak ezzel b\u00e1rmikor m\u00e1skor.<\/div>\n\t\t\t\n\t\t\t\t\t\t<div class=\"elementor-testimonial-meta\">\n\t\t\t\t<div class=\"elementor-testimonial-meta-inner\">\n\t\t\t\t\t\n\t\t\t\t\t\t\t\t\t\t<div class=\"elementor-testimonial-details\">\n\t\t\t\t\t\t\t\t\t\t\t\t\t\t<div class=\"elementor-testimonial-name\">B\u00e1thori D\u00f3ra<\/div>\n\t\t\t\t\t\t\t\t\t\t\t\t\t\t\t\t\t\t\t\t\t\t<div class=\"elementor-testimonial-job\">di\u00e1k<\/div>\n\t\t\t\t\t\t\t\t\t\t\t\t\t<\/div>\n\t\t\t\t\t\t\t\t\t<\/div>\n\t\t\t<\/div>\n\t\t\t\t\t<\/div>\n\t\t\t\t<\/div>\n\t\t\t\t<\/div>\n\t\t\t\t<div class=\"elementor-element elementor-element-ac71f95 elementor-widget__width-initial elementor-view-default elementor-widget elementor-widget-icon\" data-id=\"ac71f95\" data-element_type=\"widget\" data-widget_type=\"icon.default\">\n\t\t\t\t<div class=\"elementor-widget-container\">\n\t\t\t\t\t<div class=\"elementor-icon-wrapper\">\n\t\t\t<div class=\"elementor-icon elementor-animation-grow\">\n\t\t\t<i aria-hidden=\"true\" class=\"fas fa-quote-left\"><\/i>\t\t\t<\/div>\n\t\t<\/div>\n\t\t\t\t<\/div>\n\t\t\t\t<\/div>\n\t\t\t\t<div class=\"elementor-element elementor-element-6372b17 elementor-widget__width-initial elementor-widget elementor-widget-testimonial\" data-id=\"6372b17\" data-element_type=\"widget\" data-widget_type=\"testimonial.default\">\n\t\t\t\t<div class=\"elementor-widget-container\">\n\t\t\t\t\t<div class=\"elementor-testimonial-wrapper\">\n\t\t\t\t\t\t\t<div class=\"elementor-testimonial-content\">A Matehetsz tutor programja r\u00e9v\u00e9n ker\u00fcltem kapcsolatba a Merlin H\u00e1zzal. Nyolc t\u00e1rsammal egy\u00fctt r\u00e9szt vett\u00fcnk a Merlin H\u00e1z \u00e1ltal szervezett programokon, \u00e9s t\u00f6bben k\u00f6z\u00fcl\u00fcnk \u00f6szt\u00f6nd\u00edjat is kaptunk. A tutor programot k\u00f6vet\u0151en t\u00f6bb t\u00e1rsammal egy\u00fctt oktat\u00f3k\u00e9nt kapcsol\u00f3dtunk be a Merlin H\u00e1z tev\u00e9kenys\u00e9geibe.<\/div>\n\t\t\t\n\t\t\t\t\t\t<div class=\"elementor-testimonial-meta\">\n\t\t\t\t<div class=\"elementor-testimonial-meta-inner\">\n\t\t\t\t\t\n\t\t\t\t\t\t\t\t\t\t<div class=\"elementor-testimonial-details\">\n\t\t\t\t\t\t\t\t\t\t\t\t\t\t<div class=\"elementor-testimonial-name\">Raisz Oliv\u00e9r<\/div>\n\t\t\t\t\t\t\t\t\t\t\t\t\t\t\t\t\t\t\t\t\t\t<div class=\"elementor-testimonial-job\">di\u00e1k<\/div>\n\t\t\t\t\t\t\t\t\t\t\t\t\t<\/div>\n\t\t\t\t\t\t\t\t\t<\/div>\n\t\t\t<\/div>\n\t\t\t\t\t<\/div>\n\t\t\t\t<\/div>\n\t\t\t\t<\/div>\n\t\t\t\t\t<\/div>\n\t\t<\/div>\n\t\t\t\t\t\t\t<\/div>\n\t\t<\/section>\n\t\t\t\t\t<\/div>\n\t\t<\/div>\n\t\t\t\t\t\t\t<\/div>\n\t\t<\/section>\n\t\t\t\t\t\t\t<\/div>\n\t\t","protected":false},"excerpt":{"rendered":"<p>Tehets\u00e9ggondoz\u00e1s A Merlin H\u00e1z Tehets\u00e9gpont a Magyar Tehets\u00e9gseg\u00edt\u0151 H\u00e1l\u00f3zat (Matehetsz) \u00e9s az Eur\u00f3pai Tehets\u00e9gseg\u00edt\u0151 H\u00e1l\u00f3zat (ETSN) tagja. Di\u00e1kjaink sz\u00fcl\u0151k, tan\u00e1rok vagy tehets\u00e9ggondoz\u00f3 szakemberek aj\u00e1nl\u00e1sa alapj\u00e1n ker\u00fclhetnek be hozz\u00e1nk. A tehets\u00e9ggondoz\u00f3 [&hellip;]<\/p>\n","protected":false},"author":1,"featured_media":1675,"parent":0,"menu_order":0,"comment_status":"closed","ping_status":"closed","template":"page-templates\/full-width-container.php","meta":[],"_links":{"self":[{"href":"https:\/\/merlinhaz.hu\/index.php?rest_route=\/wp\/v2\/pages\/1665"}],"collection":[{"href":"https:\/\/merlinhaz.hu\/index.php?rest_route=\/wp\/v2\/pages"}],"about":[{"href":"https:\/\/merlinhaz.hu\/index.php?rest_route=\/wp\/v2\/types\/page"}],"author":[{"embeddable":true,"href":"https:\/\/merlinhaz.hu\/index.php?rest_route=\/wp\/v2\/users\/1"}],"replies":[{"embeddable":true,"href":"https:\/\/merlinhaz.hu\/index.php?rest_route=%2Fwp%2Fv2%2Fcomments&post=1665"}],"version-history":[{"count":61,"href":"https:\/\/merlinhaz.hu\/index.php?rest_route=\/wp\/v2\/pages\/1665\/revisions"}],"predecessor-version":[{"id":3849,"href":"https:\/\/merlinhaz.hu\/index.php?rest_route=\/wp\/v2\/pages\/1665\/revisions\/3849"}],"wp:featuredmedia":[{"embeddable":true,"href":"https:\/\/merlinhaz.hu\/index.php?rest_route=\/wp\/v2\/media\/1675"}],"wp:attachment":[{"href":"https:\/\/merlinhaz.hu\/index.php?rest_route=%2Fwp%2Fv2%2Fmedia&parent=1665"}],"curies":[{"name":"wp","href":"https:\/\/api.w.org\/{rel}","templated":true}]}}